{"id":19384,"date":"2017-12-21T13:11:38","date_gmt":"2017-12-21T12:11:38","guid":{"rendered":"https:\/\/barcinoproperty.com\/aviso-legal\/"},"modified":"2019-07-16T16:00:17","modified_gmt":"2019-07-16T15:00:17","slug":"aviso-legal","status":"publish","type":"page","link":"https:\/\/barcinoproperty.com\/en\/aviso-legal\/","title":{"rendered":"Aviso Legal"},"content":{"rendered":"<div class=\"wpb-content-wrapper\">[vc_row][vc_column]<div class=\"ult-spacer spacer-6a095edfb159b\" data-id=\"6a095edfb159b\" data-height=\"50\" data-height-mobile=\"50\" data-height-tab=\"50\" data-height-tab-portrait=\"\" data-height-mobile-landscape=\"\" style=\"clear:both;display:block;\"><\/div>[\/vc_column][\/vc_row][vc_row][vc_column][vc_column_text]\r\n<h2><span style=\"color: #333333;\">T\u00e9rminos de Uso<\/span><\/h2>\r\n<span style=\"color: #333333; text-align: justify;\">Esta Pol\u00edtica de privacidad rige la forma en que <em>Barcino Property SOCIMI S.A.<\/em> recopila, utiliza, mantiene y divulga la informaci\u00f3n recopilada de los usuarios (cada uno, un &#8220;Usuario&#8221;) del sitio web (&#8220;Sitio&#8221;). Esta pol\u00edtica de privacidad se aplica al Sitio y a todos los productos y servicios ofrecidos por <em>Barcino Property SOCIMI S.A.<\/em><\/span>[\/vc_column_text][vc_separator][\/vc_column][\/vc_row][vc_row gap=&#8221;35&#8243; equal_height=&#8221;yes&#8221;][vc_column width=&#8221;1\/2&#8243;][vc_column_text]\r\n<div style=\"text-align: justify;\">\r\n<h3><span style=\"color: #333333;\">a. Informaci\u00f3n de identificaci\u00f3n personal<\/span><\/h3>\r\n<span style=\"color: #333333;\">Podemos recopilar informaci\u00f3n de identificaci\u00f3n personal de los usuarios en una variedad de formas en relaci\u00f3n con actividades, servicios, caracter\u00edsticas o recursos que ponemos a disposici\u00f3n en nuestro sitio. Los usuarios pueden visitar nuestro sitio de forma an\u00f3nima. Recopilaremos informaci\u00f3n de identificaci\u00f3n personal de los usuarios solo si nos env\u00edan voluntariamente dicha informaci\u00f3n. Los usuarios siempre pueden negarse a proporcionar informaci\u00f3n de identificaci\u00f3n personal, excepto que puede impedirles participar en ciertas actividades relacionadas con el Sitio.<\/span>\r\n<h3><span style=\"color: #333333;\">b. Informaci\u00f3n de identificaci\u00f3n no personal<\/span><\/h3>\r\n<span style=\"color: #333333;\">Podemos recopilar informaci\u00f3n de identificaci\u00f3n no personal sobre los Usuarios cada vez que interact\u00faan con nuestro Sitio. La informaci\u00f3n de identificaci\u00f3n no personal puede incluir el nombre del navegador, el tipo de computadora y la informaci\u00f3n t\u00e9cnica sobre los medios de conexi\u00f3n de los Usuarios a nuestro Sitio, como el sistema operativo y los proveedores de servicios de Internet utilizados y otra informaci\u00f3n similar.<\/span>\r\n<h3><span style=\"color: #333333;\">c. Las cookies del navegador web<\/span><\/h3>\r\n<span style=\"color: #333333;\">Nuestro sitio puede usar &#8220;cookies&#8221; para mejorar la experiencia del usuario. El navegador web del usuario coloca cookies en su disco duro para fines de registro y, en ocasiones, para rastrear informaci\u00f3n sobre ellas. El usuario puede elegir configurar su navegador web para rechazar las cookies o para avisarle cuando se env\u00eden las cookies. Si lo hacen, tenga en cuenta que algunas partes del sitio pueden no funcionar correctamente.<\/span>\r\n\r\n<\/div>\r\n[\/vc_column_text][\/vc_column][vc_column width=&#8221;1\/2&#8243;][vc_column_text]\r\n<div style=\"text-align: justify;\">\r\n<h3><span style=\"color: #333333;\">d. C\u00f3mo protegemos su informaci\u00f3n<\/span><\/h3>\r\n<span style=\"color: #333333;\">Adoptamos pr\u00e1cticas apropiadas de recopilaci\u00f3n, almacenamiento y procesamiento de datos y medidas de seguridad para proteger contra el acceso no autorizado, alteraci\u00f3n, divulgaci\u00f3n o destrucci\u00f3n de su informaci\u00f3n personal, nombre de usuario, contrase\u00f1a, informaci\u00f3n de transacciones y datos almacenados en nuestro Sitio.<\/span>\r\n<h3><span style=\"color: #333333;\">f. Cambios a esta pol\u00edtica de privacidad<\/span><\/h3>\r\n<span style=\"color: #333333;\"><em>Barcino Property SOCIMI S.A.<\/em> tiene la discreci\u00f3n de actualizar esta pol\u00edtica de privacidad en cualquier momento. Cuando lo hagamos, revisaremos la fecha actualizada en la parte inferior de esta p\u00e1gina. Alentamos a los usuarios a que revisen con frecuencia esta p\u00e1gina en busca de cambios para mantenerse informados sobre c\u00f3mo estamos ayudando a proteger la informaci\u00f3n personal que recopilamos. Usted reconoce y acepta que es su responsabilidad revisar esta pol\u00edtica de privacidad peri\u00f3dicamente y conocer las modificaciones.<\/span>\r\n<h3><span style=\"color: #333333;\">g. Su aceptaci\u00f3n de estos t\u00e9rminos<\/span><\/h3>\r\n<span style=\"color: #333333;\">Al usar este sitio, usted expresa su aceptaci\u00f3n de esta pol\u00edtica. Si no est\u00e1 de acuerdo con esta pol\u00edtica, no use nuestro Sitio. Su uso continuado del Sitio despu\u00e9s de la publicaci\u00f3n de cambios a esta pol\u00edtica se considerar\u00e1 su aceptaci\u00f3n de dichos cambios.<\/span>\r\n\r\n<\/div>\r\n[\/vc_column_text][\/vc_column][\/vc_row]<\/div>","protected":false},"excerpt":{"rendered":"<p>[vc_row][vc_column][\/vc_column][\/vc_row][vc_row][vc_column][vc_column_text] T\u00e9rminos de Uso Esta Pol\u00edtica de privacidad rige la forma en que Barcino Property SOCIMI S.A. recopila, utiliza, mantiene y divulga la informaci\u00f3n recopilada de los usuarios (cada uno, un &#8220;Usuario&#8221;) del sitio web (&#8220;Sitio&#8221;). Esta pol\u00edtica de privacidad se aplica al Sitio y a todos los productos y servicios ofrecidos por Barcino Property SOCIMI S.A.[\/vc_column_text][vc_separator][\/vc_column][\/vc_row][vc_row gap=&#8221;35&#8243; equal_height=&#8221;yes&#8221;][vc_column width=&#8221;1\/2&#8243;][vc_column_text] a. Informaci\u00f3n de identificaci\u00f3n &#8230;<\/p>\n","protected":false},"author":4,"featured_media":0,"parent":0,"menu_order":0,"comment_status":"closed","ping_status":"closed","template":"","meta":{"footnotes":""},"class_list":["post-19384","page","type-page","status-publish","hentry"],"_links":{"self":[{"href":"https:\/\/barcinoproperty.com\/en\/wp-json\/wp\/v2\/pages\/19384","targetHints":{"allow":["GET"]}}],"collection":[{"href":"https:\/\/barcinoproperty.com\/en\/wp-json\/wp\/v2\/pages"}],"about":[{"href":"https:\/\/barcinoproperty.com\/en\/wp-json\/wp\/v2\/types\/page"}],"author":[{"embeddable":true,"href":"https:\/\/barcinoproperty.com\/en\/wp-json\/wp\/v2\/users\/4"}],"replies":[{"embeddable":true,"href":"https:\/\/barcinoproperty.com\/en\/wp-json\/wp\/v2\/comments?post=19384"}],"version-history":[{"count":2,"href":"https:\/\/barcinoproperty.com\/en\/wp-json\/wp\/v2\/pages\/19384\/revisions"}],"predecessor-version":[{"id":20484,"href":"https:\/\/barcinoproperty.com\/en\/wp-json\/wp\/v2\/pages\/19384\/revisions\/20484"}],"wp:attachment":[{"href":"https:\/\/barcinoproperty.com\/en\/wp-json\/wp\/v2\/media?parent=19384"}],"curies":[{"name":"wp","href":"https:\/\/api.w.org\/{rel}","templated":true}]}}